{"id":430,"date":"2017-05-08T22:31:26","date_gmt":"2017-05-08T19:31:26","guid":{"rendered":"http:\/\/protruck.ee\/?page_id=430"},"modified":"2021-01-06T10:59:19","modified_gmt":"2021-01-06T08:59:19","slug":"hooldusbrigaadi-masin-ford","status":"publish","type":"page","link":"https:\/\/protruck.ee\/fi\/hooldusbrigaadi-masin-ford\/","title":{"rendered":"Huoltopartion ajoneuvo"},"content":{"rendered":"<p><style type=\"text\/css\">\r\n\t#foogallery-gallery-357_1 .fg-image {\r\n        width: 640px;\r\n    }\r\n<\/style>\r\n\t\t\t\t<div class=\"foogallery foogallery-container foogallery-image-viewer foogallery-link-image foogallery-lightbox-foogallery fg-center fg-image-viewer fg-light fg-border-thin fg-shadow-outline fg-loading-default fg-loaded-fade-in fg-caption-always fg-hover-fade fg-hover-zoom fg-ready\" id=\"foogallery-gallery-357_1\" data-foogallery=\"{&quot;item&quot;:{&quot;showCaptionTitle&quot;:true,&quot;showCaptionDescription&quot;:false},&quot;lazy&quot;:true,&quot;template&quot;:{&quot;loop&quot;:true}}\" >\r\n\t<div class=\"fiv-inner\">\r\n\t\t<div class=\"fiv-inner-container\">\r\n\t\t\t<div class=\"fg-item fg-type-image fg-idle\"><figure class=\"fg-item-inner\"><a href=\"https:\/\/protruck.ee\/wp-content\/uploads\/2017\/05\/DSC_7855.jpg\" data-attachment-id=\"134\" data-type=\"image\" class=\"fg-thumb\"><span class=\"fg-image-wrap\"><img fetchpriority=\"high\" decoding=\"async\" width=\"640\" height=\"360\" class=\"skip-lazy fg-image\" data-src-fg=\"https:\/\/protruck.ee\/wp-content\/uploads\/cache\/2017\/05\/DSC_7855\/2966961350.jpg\" src=\"data:image\/svg+xml,%3Csvg%20xmlns%3D%22http%3A%2F%2Fwww.w3.org%2F2000%2Fsvg%22%20width%3D%22640%22%20height%3D%22360%22%20viewBox%3D%220%200%20640%20360%22%3E%3C%2Fsvg%3E\" loading=\"eager\"><\/span><span class=\"fg-image-overlay\"><\/span><\/a><figcaption class=\"fg-caption\"><div class=\"fg-caption-inner\"><\/div><\/figcaption><\/figure><div class=\"fg-loader\"><\/div><\/div><div class=\"fg-item fg-type-image fg-idle\"><figure class=\"fg-item-inner\"><a href=\"https:\/\/protruck.ee\/wp-content\/uploads\/2017\/05\/DSC_7904.jpg\" data-attachment-id=\"135\" data-type=\"image\" class=\"fg-thumb\"><span class=\"fg-image-wrap\"><img decoding=\"async\" width=\"640\" height=\"360\" class=\"skip-lazy fg-image\" data-src-fg=\"https:\/\/protruck.ee\/wp-content\/uploads\/cache\/2017\/05\/DSC_7904\/157199749.jpg\" src=\"data:image\/svg+xml,%3Csvg%20xmlns%3D%22http%3A%2F%2Fwww.w3.org%2F2000%2Fsvg%22%20width%3D%22640%22%20height%3D%22360%22%20viewBox%3D%220%200%20640%20360%22%3E%3C%2Fsvg%3E\" loading=\"eager\"><\/span><span class=\"fg-image-overlay\"><\/span><\/a><figcaption class=\"fg-caption\"><div class=\"fg-caption-inner\"><\/div><\/figcaption><\/figure><div class=\"fg-loader\"><\/div><\/div><div class=\"fg-item fg-type-image fg-idle\"><figure class=\"fg-item-inner\"><a href=\"https:\/\/protruck.ee\/wp-content\/uploads\/2017\/05\/DSC_7910.jpg\" data-attachment-id=\"136\" data-type=\"image\" class=\"fg-thumb\"><span class=\"fg-image-wrap\"><img decoding=\"async\" width=\"640\" height=\"360\" class=\"skip-lazy fg-image\" data-src-fg=\"https:\/\/protruck.ee\/wp-content\/uploads\/cache\/2017\/05\/DSC_7910\/831811977.jpg\" src=\"data:image\/svg+xml,%3Csvg%20xmlns%3D%22http%3A%2F%2Fwww.w3.org%2F2000%2Fsvg%22%20width%3D%22640%22%20height%3D%22360%22%20viewBox%3D%220%200%20640%20360%22%3E%3C%2Fsvg%3E\" loading=\"eager\"><\/span><span class=\"fg-image-overlay\"><\/span><\/a><figcaption class=\"fg-caption\"><div class=\"fg-caption-inner\"><\/div><\/figcaption><\/figure><div class=\"fg-loader\"><\/div><\/div><div class=\"fg-item fg-type-image fg-idle\"><figure class=\"fg-item-inner\"><a href=\"https:\/\/protruck.ee\/wp-content\/uploads\/2017\/05\/DSC_7937.jpg\" data-attachment-id=\"137\" data-type=\"image\" class=\"fg-thumb\"><span class=\"fg-image-wrap\"><img decoding=\"async\" width=\"640\" height=\"360\" class=\"skip-lazy fg-image\" data-src-fg=\"https:\/\/protruck.ee\/wp-content\/uploads\/cache\/2017\/05\/DSC_7937\/3319721914.jpg\" src=\"data:image\/svg+xml,%3Csvg%20xmlns%3D%22http%3A%2F%2Fwww.w3.org%2F2000%2Fsvg%22%20width%3D%22640%22%20height%3D%22360%22%20viewBox%3D%220%200%20640%20360%22%3E%3C%2Fsvg%3E\" loading=\"eager\"><\/span><span class=\"fg-image-overlay\"><\/span><\/a><figcaption class=\"fg-caption\"><div class=\"fg-caption-inner\"><\/div><\/figcaption><\/figure><div class=\"fg-loader\"><\/div><\/div><div class=\"fg-item fg-type-image fg-idle\"><figure class=\"fg-item-inner\"><a href=\"https:\/\/protruck.ee\/wp-content\/uploads\/2017\/05\/DSC7715.jpg\" data-attachment-id=\"236\" data-type=\"image\" class=\"fg-thumb\"><span class=\"fg-image-wrap\"><img decoding=\"async\" width=\"640\" height=\"360\" class=\"skip-lazy fg-image\" data-src-fg=\"https:\/\/protruck.ee\/wp-content\/uploads\/cache\/2017\/05\/DSC7715\/3386006031.jpg\" src=\"data:image\/svg+xml,%3Csvg%20xmlns%3D%22http%3A%2F%2Fwww.w3.org%2F2000%2Fsvg%22%20width%3D%22640%22%20height%3D%22360%22%20viewBox%3D%220%200%20640%20360%22%3E%3C%2Fsvg%3E\" loading=\"eager\"><\/span><span class=\"fg-image-overlay\"><\/span><\/a><figcaption class=\"fg-caption\"><div class=\"fg-caption-inner\"><\/div><\/figcaption><\/figure><div class=\"fg-loader\"><\/div><\/div><div class=\"fg-item fg-type-image fg-idle\"><figure class=\"fg-item-inner\"><a href=\"https:\/\/protruck.ee\/wp-content\/uploads\/2017\/05\/DSC7707.jpg\" data-attachment-id=\"237\" data-type=\"image\" class=\"fg-thumb\"><span class=\"fg-image-wrap\"><img decoding=\"async\" width=\"640\" height=\"360\" class=\"skip-lazy fg-image\" data-src-fg=\"https:\/\/protruck.ee\/wp-content\/uploads\/cache\/2017\/05\/DSC7707\/2233799380.jpg\" src=\"data:image\/svg+xml,%3Csvg%20xmlns%3D%22http%3A%2F%2Fwww.w3.org%2F2000%2Fsvg%22%20width%3D%22640%22%20height%3D%22360%22%20viewBox%3D%220%200%20640%20360%22%3E%3C%2Fsvg%3E\" loading=\"eager\"><\/span><span class=\"fg-image-overlay\"><\/span><\/a><figcaption class=\"fg-caption\"><div class=\"fg-caption-inner\"><\/div><\/figcaption><\/figure><div class=\"fg-loader\"><\/div><\/div><div class=\"fg-item fg-type-image fg-idle\"><figure class=\"fg-item-inner\"><a href=\"https:\/\/protruck.ee\/wp-content\/uploads\/2017\/05\/DSC_5284.jpg\" data-attachment-id=\"238\" data-type=\"image\" class=\"fg-thumb\"><span class=\"fg-image-wrap\"><img decoding=\"async\" width=\"640\" height=\"360\" class=\"skip-lazy fg-image\" data-src-fg=\"https:\/\/protruck.ee\/wp-content\/uploads\/cache\/2017\/05\/DSC_5284\/3954865299.jpg\" src=\"data:image\/svg+xml,%3Csvg%20xmlns%3D%22http%3A%2F%2Fwww.w3.org%2F2000%2Fsvg%22%20width%3D%22640%22%20height%3D%22360%22%20viewBox%3D%220%200%20640%20360%22%3E%3C%2Fsvg%3E\" loading=\"eager\"><\/span><span class=\"fg-image-overlay\"><\/span><\/a><figcaption class=\"fg-caption\"><div class=\"fg-caption-inner\"><\/div><\/figcaption><\/figure><div class=\"fg-loader\"><\/div><\/div><div class=\"fg-item fg-type-image fg-idle\"><figure class=\"fg-item-inner\"><a href=\"https:\/\/protruck.ee\/wp-content\/uploads\/2017\/05\/DSC_7489.jpg\" data-attachment-id=\"245\" data-type=\"image\" class=\"fg-thumb\"><span class=\"fg-image-wrap\"><img decoding=\"async\" width=\"640\" height=\"360\" class=\"skip-lazy fg-image\" data-src-fg=\"https:\/\/protruck.ee\/wp-content\/uploads\/cache\/2017\/05\/DSC_7489\/1145630408.jpg\" src=\"data:image\/svg+xml,%3Csvg%20xmlns%3D%22http%3A%2F%2Fwww.w3.org%2F2000%2Fsvg%22%20width%3D%22640%22%20height%3D%22360%22%20viewBox%3D%220%200%20640%20360%22%3E%3C%2Fsvg%3E\" loading=\"eager\"><\/span><span class=\"fg-image-overlay\"><\/span><\/a><figcaption class=\"fg-caption\"><div class=\"fg-caption-inner\"><\/div><\/figcaption><\/figure><div class=\"fg-loader\"><\/div><\/div><div class=\"fg-item fg-type-image fg-idle\"><figure class=\"fg-item-inner\"><a href=\"https:\/\/protruck.ee\/wp-content\/uploads\/2017\/05\/E69C7993.jpg\" data-attachment-id=\"405\" data-type=\"image\" class=\"fg-thumb\"><span class=\"fg-image-wrap\"><img decoding=\"async\" width=\"640\" height=\"360\" class=\"skip-lazy fg-image\" data-src-fg=\"https:\/\/protruck.ee\/wp-content\/uploads\/cache\/2017\/05\/E69C7993\/3406533557.jpg\" src=\"data:image\/svg+xml,%3Csvg%20xmlns%3D%22http%3A%2F%2Fwww.w3.org%2F2000%2Fsvg%22%20width%3D%22640%22%20height%3D%22360%22%20viewBox%3D%220%200%20640%20360%22%3E%3C%2Fsvg%3E\" loading=\"eager\"><\/span><span class=\"fg-image-overlay\"><\/span><\/a><figcaption class=\"fg-caption\"><div class=\"fg-caption-inner\"><\/div><\/figcaption><\/figure><div class=\"fg-loader\"><\/div><\/div><div class=\"fg-item fg-type-image fg-idle\"><figure class=\"fg-item-inner\"><a href=\"https:\/\/protruck.ee\/wp-content\/uploads\/2017\/05\/E69C8098.jpg\" data-attachment-id=\"404\" data-type=\"image\" class=\"fg-thumb\"><span class=\"fg-image-wrap\"><img decoding=\"async\" width=\"640\" height=\"360\" class=\"skip-lazy fg-image\" data-src-fg=\"https:\/\/protruck.ee\/wp-content\/uploads\/cache\/2017\/05\/E69C8098\/703983427.jpg\" src=\"data:image\/svg+xml,%3Csvg%20xmlns%3D%22http%3A%2F%2Fwww.w3.org%2F2000%2Fsvg%22%20width%3D%22640%22%20height%3D%22360%22%20viewBox%3D%220%200%20640%20360%22%3E%3C%2Fsvg%3E\" loading=\"eager\"><\/span><span class=\"fg-image-overlay\"><\/span><\/a><figcaption class=\"fg-caption\"><div class=\"fg-caption-inner\"><\/div><\/figcaption><\/figure><div class=\"fg-loader\"><\/div><\/div>\t\t<\/div>\r\n\t\t<div class=\"fiv-ctrls\">\r\n\t\t\t<div class=\"fiv-prev\"><span>Prev<\/span><\/div>\r\n\t\t\t<label class=\"fiv-count\"><span class=\"fiv-count-current\">1<\/span>of<span class=\"fiv-count-total\">10<\/span><\/label>\r\n\t\t\t<div class=\"fiv-next\"><span>Next<\/span><\/div>\r\n\t\t<\/div>\r\n\t<\/div>\r\n<\/div><style type=\"text\/css\">#foogallery-gallery-357 { margin-bottom:30px; }<\/style><\/p>\n<p>N\u00e4m\u00e4 ajoneuvot antavat huoltopartiolle mahdollisuuden siirty\u00e4 rautatiekohteeseen ty\u00f6kalujen ja materiaalien kanssa joko maanteitse tai rautatiet\u00e4 pitkin. Maastokelpoisuuden takaamiseksi k\u00e4ytet\u00e4\u00e4n nelivetoa. Painavien ty\u00f6v\u00e4lineiden ja materiaalin siirt\u00e4miseksi ajoneuvot on varustettu hydraulisella nosturilla, jonka nostokyky on 300 kg. Kuusipaikkaisen miehist\u00f6hytin lis\u00e4ksi auton takaosassa on suljettava materiaalin kuljetuslaatikko ja kyljill\u00e4 monik\u00e4ytt\u00f6iset kaapit ty\u00f6kaluille ja pientarvikkeille. Hydraulisten ty\u00f6v\u00e4lineiden k\u00e4ytt\u00f6\u00e4 varten auton moottorista on voiman ulosotto, jonka kapasiteetti on 48 l\/m ja paine 140 baaria. Kiskotelit ovat hydraulisesti ohjattuja, ja kiskoille ajamista helpottaa kolme videokameraa.<\/p>","protected":false},"excerpt":{"rendered":"<p>N\u00e4m\u00e4 ajoneuvot antavat huoltopartiolle mahdollisuuden siirty\u00e4 rautatiekohteeseen ty\u00f6kalujen ja materiaalien kanssa joko maanteitse tai rautatiet\u00e4 pitkin. Maastokelpoisuuden takaamiseksi k\u00e4ytet\u00e4\u00e4n nelivetoa. Painavien ty\u00f6v\u00e4lineiden ja materiaalin siirt\u00e4miseksi ajoneuvot on varustettu hydraulisella nosturilla, jonka nostokyky on 300 kg. Kuusipaikkaisen miehist\u00f6hytin lis\u00e4ksi auton takaosassa on suljettava materiaalin kuljetuslaatikko ja kyljill\u00e4 monik\u00e4ytt\u00f6iset kaapit ty\u00f6kaluille ja pientarvikkeille. Hydraulisten ty\u00f6v\u00e4lineiden k\u00e4ytt\u00f6\u00e4 varten&#8230;  <a class=\"excerpt-read-more\" href=\"https:\/\/protruck.ee\/fi\/hooldusbrigaadi-masin-ford\/\" title=\"Read Huoltopartion ajoneuvo\">Read more &raquo;<\/a><\/p>\n","protected":false},"author":2,"featured_media":0,"parent":0,"menu_order":0,"comment_status":"closed","ping_status":"closed","template":"templates\/car-page.php","meta":{"_acf_changed":false,"footnotes":""},"class_list":["post-430","page","type-page","status-publish","hentry"],"acf":[],"_links":{"self":[{"href":"https:\/\/protruck.ee\/fi\/wp-json\/wp\/v2\/pages\/430","targetHints":{"allow":["GET"]}}],"collection":[{"href":"https:\/\/protruck.ee\/fi\/wp-json\/wp\/v2\/pages"}],"about":[{"href":"https:\/\/protruck.ee\/fi\/wp-json\/wp\/v2\/types\/page"}],"author":[{"embeddable":true,"href":"https:\/\/protruck.ee\/fi\/wp-json\/wp\/v2\/users\/2"}],"replies":[{"embeddable":true,"href":"https:\/\/protruck.ee\/fi\/wp-json\/wp\/v2\/comments?post=430"}],"version-history":[{"count":2,"href":"https:\/\/protruck.ee\/fi\/wp-json\/wp\/v2\/pages\/430\/revisions"}],"predecessor-version":[{"id":538,"href":"https:\/\/protruck.ee\/fi\/wp-json\/wp\/v2\/pages\/430\/revisions\/538"}],"wp:attachment":[{"href":"https:\/\/protruck.ee\/fi\/wp-json\/wp\/v2\/media?parent=430"}],"curies":[{"name":"wp","href":"https:\/\/api.w.org\/{rel}","templated":true}]}}