{"id":203,"date":"2017-05-06T01:12:34","date_gmt":"2017-05-05T22:12:34","guid":{"rendered":"http:\/\/protruck.ee\/?page_id=203"},"modified":"2021-01-06T11:03:08","modified_gmt":"2021-01-06T09:03:08","slug":"murgiprits","status":"publish","type":"page","link":"https:\/\/protruck.ee\/fi\/murgiprits\/","title":{"rendered":"Rikkaruohon torjunta-auto"},"content":{"rendered":"<p><style type=\"text\/css\">\r\n\t#foogallery-gallery-362_1 .fg-image {\r\n        width: 640px;\r\n    }\r\n<\/style>\r\n\t\t\t\t<div class=\"foogallery foogallery-container foogallery-image-viewer foogallery-link-image foogallery-lightbox-foogallery fg-center fg-image-viewer fg-light fg-border-thin fg-shadow-outline fg-loading-default fg-loaded-fade-in fg-caption-always fg-hover-fade fg-hover-zoom fg-ready\" id=\"foogallery-gallery-362_1\" data-foogallery=\"{&quot;item&quot;:{&quot;showCaptionTitle&quot;:true,&quot;showCaptionDescription&quot;:false},&quot;lazy&quot;:true,&quot;template&quot;:{&quot;loop&quot;:true}}\" >\r\n\t<div class=\"fiv-inner\">\r\n\t\t<div class=\"fiv-inner-container\">\r\n\t\t\t<div class=\"fg-item fg-type-image fg-idle\"><figure class=\"fg-item-inner\"><a href=\"https:\/\/protruck.ee\/wp-content\/uploads\/2017\/05\/DSC_7130.jpg\" data-attachment-id=\"205\" data-type=\"image\" class=\"fg-thumb\"><span class=\"fg-image-wrap\"><img fetchpriority=\"high\" decoding=\"async\" width=\"640\" height=\"360\" class=\"skip-lazy fg-image\" data-src-fg=\"https:\/\/protruck.ee\/wp-content\/uploads\/cache\/2017\/05\/DSC_7130\/1997166633.jpg\" src=\"data:image\/svg+xml,%3Csvg%20xmlns%3D%22http%3A%2F%2Fwww.w3.org%2F2000%2Fsvg%22%20width%3D%22640%22%20height%3D%22360%22%20viewBox%3D%220%200%20640%20360%22%3E%3C%2Fsvg%3E\" loading=\"eager\"><\/span><span class=\"fg-image-overlay\"><\/span><\/a><figcaption class=\"fg-caption\"><div class=\"fg-caption-inner\"><\/div><\/figcaption><\/figure><div class=\"fg-loader\"><\/div><\/div><div class=\"fg-item fg-type-image fg-idle\"><figure class=\"fg-item-inner\"><a href=\"https:\/\/protruck.ee\/wp-content\/uploads\/2017\/05\/DSC_7136.jpg\" data-attachment-id=\"206\" data-type=\"image\" class=\"fg-thumb\"><span class=\"fg-image-wrap\"><img decoding=\"async\" width=\"640\" height=\"360\" class=\"skip-lazy fg-image\" data-src-fg=\"https:\/\/protruck.ee\/wp-content\/uploads\/cache\/2017\/05\/DSC_7136\/446600987.jpg\" src=\"data:image\/svg+xml,%3Csvg%20xmlns%3D%22http%3A%2F%2Fwww.w3.org%2F2000%2Fsvg%22%20width%3D%22640%22%20height%3D%22360%22%20viewBox%3D%220%200%20640%20360%22%3E%3C%2Fsvg%3E\" loading=\"eager\"><\/span><span class=\"fg-image-overlay\"><\/span><\/a><figcaption class=\"fg-caption\"><div class=\"fg-caption-inner\"><\/div><\/figcaption><\/figure><div class=\"fg-loader\"><\/div><\/div><div class=\"fg-item fg-type-image fg-idle\"><figure class=\"fg-item-inner\"><a href=\"https:\/\/protruck.ee\/wp-content\/uploads\/2017\/05\/DSC_7137.jpg\" data-attachment-id=\"207\" data-type=\"image\" class=\"fg-thumb\"><span class=\"fg-image-wrap\"><img decoding=\"async\" width=\"640\" height=\"360\" class=\"skip-lazy fg-image\" data-src-fg=\"https:\/\/protruck.ee\/wp-content\/uploads\/cache\/2017\/05\/DSC_7137\/105719849.jpg\" src=\"data:image\/svg+xml,%3Csvg%20xmlns%3D%22http%3A%2F%2Fwww.w3.org%2F2000%2Fsvg%22%20width%3D%22640%22%20height%3D%22360%22%20viewBox%3D%220%200%20640%20360%22%3E%3C%2Fsvg%3E\" loading=\"eager\"><\/span><span class=\"fg-image-overlay\"><\/span><\/a><figcaption class=\"fg-caption\"><div class=\"fg-caption-inner\"><\/div><\/figcaption><\/figure><div class=\"fg-loader\"><\/div><\/div><div class=\"fg-item fg-type-image fg-idle\"><figure class=\"fg-item-inner\"><a href=\"https:\/\/protruck.ee\/wp-content\/uploads\/2017\/05\/DSC_7139.jpg\" data-attachment-id=\"208\" data-type=\"image\" class=\"fg-thumb\"><span class=\"fg-image-wrap\"><img decoding=\"async\" width=\"640\" height=\"360\" class=\"skip-lazy fg-image\" data-src-fg=\"https:\/\/protruck.ee\/wp-content\/uploads\/cache\/2017\/05\/DSC_7139\/2051075257.jpg\" src=\"data:image\/svg+xml,%3Csvg%20xmlns%3D%22http%3A%2F%2Fwww.w3.org%2F2000%2Fsvg%22%20width%3D%22640%22%20height%3D%22360%22%20viewBox%3D%220%200%20640%20360%22%3E%3C%2Fsvg%3E\" loading=\"eager\"><\/span><span class=\"fg-image-overlay\"><\/span><\/a><figcaption class=\"fg-caption\"><div class=\"fg-caption-inner\"><\/div><\/figcaption><\/figure><div class=\"fg-loader\"><\/div><\/div>\t\t<\/div>\r\n\t\t<div class=\"fiv-ctrls\">\r\n\t\t\t<div class=\"fiv-prev\"><span>Prev<\/span><\/div>\r\n\t\t\t<label class=\"fiv-count\"><span class=\"fiv-count-current\">1<\/span>of<span class=\"fiv-count-total\">4<\/span><\/label>\r\n\t\t\t<div class=\"fiv-next\"><span>Next<\/span><\/div>\r\n\t\t<\/div>\r\n\t<\/div>\r\n<\/div><style type=\"text\/css\">#foogallery-gallery-362 { margin-bottom:30px; }<\/style><\/p>\n<p>Rautatien maa-alan rikkaruohontorjuntaan tarkoitettu raskas kuorma-auto, jonka ruiskutusj\u00e4rjestelm\u00e4n voi k\u00e4ytt\u00f6ajan j\u00e4lkeen irrottaa ja k\u00e4ytt\u00e4\u00e4 kuorma-autoa muissa t\u00f6iss\u00e4. Ruiskutuslaitteen helmoja ja suuttimia voi s\u00e4\u00e4dell\u00e4 ohjaamosta k\u00e4sin. Samoin on mahdollista muuttaa ruiskutettavan nesteen koostumusta ja pitoisuutta.<\/p>","protected":false},"excerpt":{"rendered":"<p>Rautatien maa-alan rikkaruohontorjuntaan tarkoitettu raskas kuorma-auto, jonka ruiskutusj\u00e4rjestelm\u00e4n voi k\u00e4ytt\u00f6ajan j\u00e4lkeen irrottaa ja k\u00e4ytt\u00e4\u00e4 kuorma-autoa muissa t\u00f6iss\u00e4. Ruiskutuslaitteen helmoja ja suuttimia voi s\u00e4\u00e4dell\u00e4 ohjaamosta k\u00e4sin. Samoin on mahdollista muuttaa ruiskutettavan nesteen koostumusta ja pitoisuutta.<\/p>\n","protected":false},"author":3,"featured_media":0,"parent":0,"menu_order":0,"comment_status":"closed","ping_status":"closed","template":"templates\/car-page.php","meta":{"_acf_changed":false,"footnotes":""},"class_list":["post-203","page","type-page","status-publish","hentry"],"acf":[],"_links":{"self":[{"href":"https:\/\/protruck.ee\/fi\/wp-json\/wp\/v2\/pages\/203","targetHints":{"allow":["GET"]}}],"collection":[{"href":"https:\/\/protruck.ee\/fi\/wp-json\/wp\/v2\/pages"}],"about":[{"href":"https:\/\/protruck.ee\/fi\/wp-json\/wp\/v2\/types\/page"}],"author":[{"embeddable":true,"href":"https:\/\/protruck.ee\/fi\/wp-json\/wp\/v2\/users\/3"}],"replies":[{"embeddable":true,"href":"https:\/\/protruck.ee\/fi\/wp-json\/wp\/v2\/comments?post=203"}],"version-history":[{"count":3,"href":"https:\/\/protruck.ee\/fi\/wp-json\/wp\/v2\/pages\/203\/revisions"}],"predecessor-version":[{"id":543,"href":"https:\/\/protruck.ee\/fi\/wp-json\/wp\/v2\/pages\/203\/revisions\/543"}],"wp:attachment":[{"href":"https:\/\/protruck.ee\/fi\/wp-json\/wp\/v2\/media?parent=203"}],"curies":[{"name":"wp","href":"https:\/\/api.w.org\/{rel}","templated":true}]}}