{"id":197,"date":"2017-05-06T01:09:24","date_gmt":"2017-05-05T22:09:24","guid":{"rendered":"http:\/\/protruck.ee\/?page_id=197"},"modified":"2021-01-06T10:56:23","modified_gmt":"2021-01-06T08:56:23","slug":"maarde-masin","status":"publish","type":"page","link":"https:\/\/protruck.ee\/fi\/maarde-masin\/","title":{"rendered":"Kiskojen voiteluauto"},"content":{"rendered":"<p><style type=\"text\/css\">\r\n\t#foogallery-gallery-367_1 .fg-image {\r\n        width: 640px;\r\n    }\r\n<\/style>\r\n\t\t\t\t<div class=\"foogallery foogallery-container foogallery-image-viewer foogallery-link-image foogallery-lightbox-foogallery fg-center fg-image-viewer fg-light fg-border-thin fg-shadow-outline fg-loading-default fg-loaded-fade-in fg-caption-always fg-hover-fade fg-hover-zoom fg-ready\" id=\"foogallery-gallery-367_1\" data-foogallery=\"{&quot;item&quot;:{&quot;showCaptionTitle&quot;:true,&quot;showCaptionDescription&quot;:false},&quot;lazy&quot;:true,&quot;template&quot;:{&quot;loop&quot;:true}}\" >\r\n\t<div class=\"fiv-inner\">\r\n\t\t<div class=\"fiv-inner-container\">\r\n\t\t\t<div class=\"fg-item fg-type-image fg-idle\"><figure class=\"fg-item-inner\"><a href=\"https:\/\/protruck.ee\/wp-content\/uploads\/2017\/05\/DSC_7489.jpg\" data-attachment-id=\"245\" data-type=\"image\" class=\"fg-thumb\"><span class=\"fg-image-wrap\"><img fetchpriority=\"high\" decoding=\"async\" width=\"640\" height=\"360\" class=\"skip-lazy fg-image\" data-src-fg=\"https:\/\/protruck.ee\/wp-content\/uploads\/cache\/2017\/05\/DSC_7489\/1861701541.jpg\" src=\"data:image\/svg+xml,%3Csvg%20xmlns%3D%22http%3A%2F%2Fwww.w3.org%2F2000%2Fsvg%22%20width%3D%22640%22%20height%3D%22360%22%20viewBox%3D%220%200%20640%20360%22%3E%3C%2Fsvg%3E\" loading=\"eager\"><\/span><span class=\"fg-image-overlay\"><\/span><\/a><figcaption class=\"fg-caption\"><div class=\"fg-caption-inner\"><\/div><\/figcaption><\/figure><div class=\"fg-loader\"><\/div><\/div><div class=\"fg-item fg-type-image fg-idle\"><figure class=\"fg-item-inner\"><a href=\"https:\/\/protruck.ee\/wp-content\/uploads\/2017\/05\/DSC_7484.jpg\" data-attachment-id=\"246\" data-type=\"image\" class=\"fg-thumb\"><span class=\"fg-image-wrap\"><img decoding=\"async\" width=\"640\" height=\"360\" class=\"skip-lazy fg-image\" data-src-fg=\"https:\/\/protruck.ee\/wp-content\/uploads\/cache\/2017\/05\/DSC_7484\/1577688257.jpg\" src=\"data:image\/svg+xml,%3Csvg%20xmlns%3D%22http%3A%2F%2Fwww.w3.org%2F2000%2Fsvg%22%20width%3D%22640%22%20height%3D%22360%22%20viewBox%3D%220%200%20640%20360%22%3E%3C%2Fsvg%3E\" loading=\"eager\"><\/span><span class=\"fg-image-overlay\"><\/span><\/a><figcaption class=\"fg-caption\"><div class=\"fg-caption-inner\"><\/div><\/figcaption><\/figure><div class=\"fg-loader\"><\/div><\/div><div class=\"fg-item fg-type-image fg-idle\"><figure class=\"fg-item-inner\"><a href=\"https:\/\/protruck.ee\/wp-content\/uploads\/2017\/05\/DSC_7477.jpg\" data-attachment-id=\"247\" data-type=\"image\" class=\"fg-thumb\"><span class=\"fg-image-wrap\"><img decoding=\"async\" width=\"640\" height=\"360\" class=\"skip-lazy fg-image\" data-src-fg=\"https:\/\/protruck.ee\/wp-content\/uploads\/cache\/2017\/05\/DSC_7477\/3745966943.jpg\" src=\"data:image\/svg+xml,%3Csvg%20xmlns%3D%22http%3A%2F%2Fwww.w3.org%2F2000%2Fsvg%22%20width%3D%22640%22%20height%3D%22360%22%20viewBox%3D%220%200%20640%20360%22%3E%3C%2Fsvg%3E\" loading=\"eager\"><\/span><span class=\"fg-image-overlay\"><\/span><\/a><figcaption class=\"fg-caption\"><div class=\"fg-caption-inner\"><\/div><\/figcaption><\/figure><div class=\"fg-loader\"><\/div><\/div><div class=\"fg-item fg-type-image fg-idle\"><figure class=\"fg-item-inner\"><a href=\"https:\/\/protruck.ee\/wp-content\/uploads\/2017\/05\/DSC_7465.jpg\" data-attachment-id=\"248\" data-type=\"image\" class=\"fg-thumb\"><span class=\"fg-image-wrap\"><img decoding=\"async\" width=\"640\" height=\"360\" class=\"skip-lazy fg-image\" data-src-fg=\"https:\/\/protruck.ee\/wp-content\/uploads\/cache\/2017\/05\/DSC_7465\/3818860227.jpg\" src=\"data:image\/svg+xml,%3Csvg%20xmlns%3D%22http%3A%2F%2Fwww.w3.org%2F2000%2Fsvg%22%20width%3D%22640%22%20height%3D%22360%22%20viewBox%3D%220%200%20640%20360%22%3E%3C%2Fsvg%3E\" loading=\"eager\"><\/span><span class=\"fg-image-overlay\"><\/span><\/a><figcaption class=\"fg-caption\"><div class=\"fg-caption-inner\"><\/div><\/figcaption><\/figure><div class=\"fg-loader\"><\/div><\/div>\t\t<\/div>\r\n\t\t<div class=\"fiv-ctrls\">\r\n\t\t\t<div class=\"fiv-prev\"><span>Prev<\/span><\/div>\r\n\t\t\t<label class=\"fiv-count\"><span class=\"fiv-count-current\">1<\/span>of<span class=\"fiv-count-total\">4<\/span><\/label>\r\n\t\t\t<div class=\"fiv-next\"><span>Next<\/span><\/div>\r\n\t\t<\/div>\r\n\t<\/div>\r\n<\/div><style type=\"text\/css\">#foogallery-gallery-367 { margin-bottom:30px; }<\/style><\/p>\n<p>Kiskojen voitelu mutkissa v\u00e4hent\u00e4\u00e4 hankausta ja v\u00e4hent\u00e4\u00e4 rautatiekaluston py\u00f6rien ja kiskojen kulumista jopa 50 prosenttia. Voitelulaite on varustettu nelj\u00e4ll\u00e4 suuttimella, joista kaksi suihkuttaa kiskojen yl\u00e4pinnoille ja toiset kaksi sis\u00e4pinnoille. K\u00e4ytt\u00e4j\u00e4ll\u00e4 on mahdollisuus s\u00e4\u00e4dell\u00e4 erikseen kaikkia suuttimia tarpeen mukaan. S\u00e4\u00e4nkest\u00e4v\u00e4 ja l\u00e4mp\u00f6eristetty voitelulaitteen s\u00e4ili\u00f6 mahdollistaa ty\u00f6skentelyn my\u00f6s talven kylmiss\u00e4 l\u00e4mp\u00f6tiloissa.<\/p>","protected":false},"excerpt":{"rendered":"<p>Kiskojen voitelu mutkissa v\u00e4hent\u00e4\u00e4 hankausta ja v\u00e4hent\u00e4\u00e4 rautatiekaluston py\u00f6rien ja kiskojen kulumista jopa 50 prosenttia. Voitelulaite on varustettu nelj\u00e4ll\u00e4 suuttimella, joista kaksi suihkuttaa kiskojen yl\u00e4pinnoille ja toiset kaksi sis\u00e4pinnoille. K\u00e4ytt\u00e4j\u00e4ll\u00e4 on mahdollisuus s\u00e4\u00e4dell\u00e4 erikseen kaikkia suuttimia tarpeen mukaan. S\u00e4\u00e4nkest\u00e4v\u00e4 ja l\u00e4mp\u00f6eristetty voitelulaitteen s\u00e4ili\u00f6 mahdollistaa ty\u00f6skentelyn my\u00f6s talven kylmiss\u00e4 l\u00e4mp\u00f6tiloissa.<\/p>\n","protected":false},"author":3,"featured_media":0,"parent":0,"menu_order":0,"comment_status":"closed","ping_status":"closed","template":"templates\/car-page.php","meta":{"_acf_changed":false,"footnotes":""},"class_list":["post-197","page","type-page","status-publish","hentry"],"acf":[],"_links":{"self":[{"href":"https:\/\/protruck.ee\/fi\/wp-json\/wp\/v2\/pages\/197","targetHints":{"allow":["GET"]}}],"collection":[{"href":"https:\/\/protruck.ee\/fi\/wp-json\/wp\/v2\/pages"}],"about":[{"href":"https:\/\/protruck.ee\/fi\/wp-json\/wp\/v2\/types\/page"}],"author":[{"embeddable":true,"href":"https:\/\/protruck.ee\/fi\/wp-json\/wp\/v2\/users\/3"}],"replies":[{"embeddable":true,"href":"https:\/\/protruck.ee\/fi\/wp-json\/wp\/v2\/comments?post=197"}],"version-history":[{"count":8,"href":"https:\/\/protruck.ee\/fi\/wp-json\/wp\/v2\/pages\/197\/revisions"}],"predecessor-version":[{"id":537,"href":"https:\/\/protruck.ee\/fi\/wp-json\/wp\/v2\/pages\/197\/revisions\/537"}],"wp:attachment":[{"href":"https:\/\/protruck.ee\/fi\/wp-json\/wp\/v2\/media?parent=197"}],"curies":[{"name":"wp","href":"https:\/\/api.w.org\/{rel}","templated":true}]}}